{"id":11352,"date":"2018-03-27T15:25:55","date_gmt":"2018-03-27T13:25:55","guid":{"rendered":"http:\/\/aram.bourgault.info?page_id=11352"},"modified":"2018-03-27T15:25:55","modified_gmt":"2018-03-27T13:25:55","slug":"a-proposito-de-la-asociacion","status":"publish","type":"page","link":"http:\/\/aram.bourgault.info\/es","title":{"rendered":"A prop\u00f3sito de la asociaci\u00f3n"},"content":{"rendered":"<p>La asociaci\u00f3n por la investigaci\u00f3n y el archivo de la memoria armenia(ARAM) recolecta, archiva y digitaliza libros, mapas, manuscritos, testimonios, fotograf\u00edas y todos los documentos relativos a Armenia, a los armenios de Anatolia antes, durante y despu\u00e9s de las masacres otomanas de 1894-96 y de 1909, el genocidio de 1015 cometido por el gobierno \u201cJ\u00f3venes turcos\u201d, y a la historia y cultura de la di\u00e1spora armenia, sobretodo en Francia y en Europa.<\/p>\n<p>El objetivo de la asociaci\u00f3n es preservar y valorar el m\u00e1ximo de documentos disponible en sus fondos para permitir a la mayor cantidad de personas consultar gratuitamente, en particular a trav\u00e9s de las herramientas num\u00e9ricas. Se trata de un trabajo a largo plazo que nos esforzamos por cumplir en las mejores condiciones.<\/p>\n","protected":false},"excerpt":{"rendered":"<p>La asociaci\u00f3n por la investigaci\u00f3n y el archivo de la memoria armenia(ARAM) recolecta, archiva y digitaliza libros, mapas, manuscritos, testimonios, fotograf\u00edas y todos los documentos relativos a Armenia, a los armenios de Anatolia antes, durante y despu\u00e9s de las masacres otomanas de 1894-96 y de 1909, el genocidio de 1015 cometido por el gobierno \u201cJ\u00f3venes &hellip; <a href=\"http:\/\/aram.bourgault.info\/es\">Leer la continuaci\u00f3n<\/a><\/p>\n","protected":false},"author":1,"featured_media":0,"parent":0,"menu_order":0,"comment_status":"closed","ping_status":"closed","template":"template-home.php","meta":[],"_links":{"self":[{"href":"http:\/\/aram.bourgault.info\/es\/wp-json\/wp\/v2\/pages\/11352"}],"collection":[{"href":"http:\/\/aram.bourgault.info\/es\/wp-json\/wp\/v2\/pages"}],"about":[{"href":"http:\/\/aram.bourgault.info\/es\/wp-json\/wp\/v2\/types\/page"}],"author":[{"embeddable":true,"href":"http:\/\/aram.bourgault.info\/es\/wp-json\/wp\/v2\/users\/1"}],"replies":[{"embeddable":true,"href":"http:\/\/aram.bourgault.info\/es\/wp-json\/wp\/v2\/comments?post=11352"}],"version-history":[{"count":1,"href":"http:\/\/aram.bourgault.info\/es\/wp-json\/wp\/v2\/pages\/11352\/revisions"}],"predecessor-version":[{"id":11353,"href":"http:\/\/aram.bourgault.info\/es\/wp-json\/wp\/v2\/pages\/11352\/revisions\/11353"}],"wp:attachment":[{"href":"http:\/\/aram.bourgault.info\/es\/wp-json\/wp\/v2\/media?parent=11352"}],"curies":[{"name":"wp","href":"https:\/\/api.w.org\/{rel}","templated":true}]}}